{"id":1494,"date":"2025-10-02T11:52:57","date_gmt":"2025-10-02T16:52:57","guid":{"rendered":"https:\/\/gruposedna.com\/contact\/"},"modified":"2025-10-13T13:03:14","modified_gmt":"2025-10-13T18:03:14","slug":"contact","status":"publish","type":"page","link":"https:\/\/gruposedna.com\/?page_id=1494","title":{"rendered":"Contacto"},"content":{"rendered":"\n<div class=\"wp-block-uagb-container uagb-block-d1eb7ce0 alignfull uagb-is-root-container\"><div class=\"uagb-container-inner-blocks-wrap\">\n<div class=\"wp-block-uagb-info-box uagb-block-39af8579 uagb-infobox__content-wrap  uagb-infobox-icon-above-title uagb-infobox-image-valign-top\"><div class=\"uagb-ifb-content\"><div class=\"uagb-ifb-title-wrap\"><h1 class=\"uagb-ifb-title-prefix\">Contacto\u200b<\/h1><h4 class=\"uagb-ifb-title\">Contacto para Servicios Empresariales Premium\u200b<\/h4><\/div><\/div><\/div>\n<\/div><\/div>\n\n\n\n<div class=\"wp-block-uagb-container uagb-block-43008b68 alignfull uagb-is-root-container\"><div class=\"uagb-container-inner-blocks-wrap\">\n<div class=\"wp-block-uagb-container uagb-block-00feabc6\">\n<div class=\"wp-block-uagb-advanced-heading uagb-block-e7c4dedd\"><h3 class=\"uagb-heading-text\">Obt\u00e9n m\u00e1s informaci\u00f3n de nuestras soluciones enviando este formulario<\/h3><\/div>\n\n\n\n<div class=\"wp-block-uagb-container uagb-block-3ab45bfc\">\n<div data-aos= \"zoom-in-down\" data-aos-duration=\"400\" data-aos-delay=\"0\" data-aos-easing=\"ease\" data-aos-once=\"true\" class=\"wp-block-uagb-container uagb-block-affb256b\">\t\t\t<div class=\"srfm-form-container srfm-form-container-3184 srfm-bg-color\">\n\t\t\t<style>\n\t\t\t\t\/* Need to check and remove the input variables related to the Style Tab. *\/\n\t\t\t\t.srfm-form-container-3184 {\n\t\t\t\t\t\/* New test variables *\/\n\t\t\t\t\t--srfm-color-scheme-primary: var(--ast-global-color-0);\n\t\t\t\t\t--srfm-color-scheme-text-on-primary: #FFFFFF;\n\t\t\t\t\t--srfm-color-scheme-text: var(--ast-global-color-2);\n\t\t\t\t\t--srfm-quill-editor-color: var(--ast-global-color-0);\n\n\t\t\t\t\t--srfm-color-input-label: var(--ast-global-color-2);\n\t\t\t\t\t--srfm-color-input-description: hsl( from var(--ast-global-color-2) h s l \/ 0.65 );\n\t\t\t\t\t--srfm-color-input-placeholder: hsl( from var(--ast-global-color-2) h s l \/ 0.5 );\n\t\t\t\t\t--srfm-color-input-text: var(--ast-global-color-2);\n\t\t\t\t\t--srfm-color-input-prefix: hsl( from var(--ast-global-color-2) h s l \/ 0.65 );\n\t\t\t\t\t--srfm-color-input-background: hsl( from var(--ast-global-color-2) h s l \/ 0.02 );\n\t\t\t\t\t--srfm-color-input-background-hover: hsl( from var(--ast-global-color-2) h s l \/ 0.05 );\n\t\t\t\t\t--srfm-color-input-background-disabled: hsl( from var(--ast-global-color-2) h s l \/ 0.07 );\n\t\t\t\t\t--srfm-color-input-border: hsl( from var(--ast-global-color-2) h s l \/ 0.25 );\n\t\t\t\t\t--srfm-color-input-border-disabled: hsl( from var(--ast-global-color-2) h s l \/ 0.15 );\n\t\t\t\t\t--srfm-color-multi-choice-svg: hsl( from var(--ast-global-color-2) h s l \/ 0.7 );\n\t\t\t\t\t--srfm-color-input-border-hover: hsl( from var(--ast-global-color-0) h s l \/ 0.65 );\n\t\t\t\t\t--srfm-color-input-border-focus-glow: hsl( from var(--ast-global-color-0) h s l \/ 0.15 );\n\t\t\t\t\t--srfm-color-input-selected: hsl( from var(--ast-global-color-0) h s l \/ 0.1 );\n\t\t\t\t\t--srfm-btn-color-hover: hsl( from var(--ast-global-color-0) h s l \/ 0.9 );\n\t\t\t\t\t--srfm-btn-color-disabled: hsl( from var(--ast-global-color-0) h s l \/ 0.25 );\n\n\t\t\t\t\t\/* Dropdown Variables *\/\n\t\t\t\t\t--srfm-dropdown-input-background-hover: hsl( from var(--ast-global-color-2) h s l \/ 0.05 );\n\t\t\t\t\t--srfm-dropdown-option-background-hover: hsl( from var(--ast-global-color-2) h s l \/ 0.10 );\n\t\t\t\t\t--srfm-dropdown-option-background-selected: hsl( from var(--ast-global-color-2) h s l \/ 0.05 );\n\t\t\t\t\t--srfm-dropdown-option-selected-icon: hsl( from var(--ast-global-color-2) h s l \/ 0.65 );\n\t\t\t\t\t--srfm-dropdown-option-text-color: hsl( from var(--ast-global-color-2) h s l \/ 0.80 );\n\t\t\t\t\t--srfm-dropdown-option-selected-text: var(--ast-global-color-2);\n\t\t\t\t\t--srfm-dropdown-badge-background: hsl( from var(--ast-global-color-2) h s l \/ 0.05 );\n\t\t\t\t\t--srfm-dropdown-badge-background-hover: hsl( from var(--ast-global-color-2) h s l \/ 0.10 );\n\t\t\t\t\t--srfm-dropdown-menu-border-color: hsl( from var(--ast-global-color-2) h s l \/ 0.10 );\n\t\t\t\t\t--srfm-dropdown-placeholder-color: hsl( from var(--ast-global-color-2) h s l \/ 0.50 );\n\t\t\t\t\t--srfm-dropdown-icon-color: hsl( from var(--ast-global-color-2) h s l \/ 0.65 );\n\t\t\t\t\t--srfm-dropdown-icon-disabled: hsl( from var(--ast-global-color-2) h s l \/ 0.25 );\n\n\t\t\t\t\t\/* Background Control Variables *\/\n\t\t\t\t\t--srfm-instant-form-padding-top: 32px;--srfm-instant-form-padding-right: 32px;--srfm-instant-form-padding-bottom: 32px;--srfm-instant-form-padding-left: 32px;--srfm-instant-form-border-radius-top: 12px;--srfm-instant-form-border-radius-right: 12px;--srfm-instant-form-border-radius-bottom: 12px;--srfm-instant-form-border-radius-left: 12px;--srfm-form-padding-top: 0px;--srfm-form-padding-right: 0px;--srfm-form-padding-bottom: 0px;--srfm-form-padding-left: 0px;--srfm-form-border-radius-top: 0px;--srfm-form-border-radius-right: 0px;--srfm-form-border-radius-bottom: 0px;--srfm-form-border-radius-left: 0px;--srfm-bg-overlay-opacity: 1;\t\t\t\t\t--srfm-row-gap-between-blocks: 18px;--srfm-address-label-font-size: 16px;--srfm-address-label-line-height: 24px;--srfm-address-description-font-size: 14px;--srfm-address-description-line-height: 20px;--srfm-col-gap-between-fields: 16px;--srfm-row-gap-between-fields: 16px;--srfm-gap-below-address-label: 14px;--srfm-dropdown-font-size: 14px;--srfm-dropdown-gap-between-input-menu: 4px;--srfm-dropdown-badge-padding: 2px 6px;--srfm-dropdown-multiselect-font-size: 12px;--srfm-dropdown-multiselect-line-height: 16px;--srfm-dropdown-padding-right: 12px;--srfm-dropdown-padding-right-icon: calc( var( --srfm-dropdown-padding-right ) + 20px );--srfm-dropdown-multiselect-padding: 8px var( --srfm-dropdown-padding-right-icon ) 8px 8px;--srfm-input-height: 44px;--srfm-input-field-padding: 10px 12px;--srfm-input-field-font-size: 16px;--srfm-input-field-line-height: 24px;--srfm-input-field-margin-top: 6px;--srfm-input-field-margin-bottom: 6px;--srfm-checkbox-label-font-size: 16px;--srfm-checkbox-label-line-height: 24px;--srfm-checkbox-description-font-size: 14px;--srfm-checkbox-description-line-height: 20px;--srfm-check-ctn-width: 16px;--srfm-check-ctn-height: 16px;--srfm-check-svg-size: 10px;--srfm-checkbox-margin-top-frontend: 4px;--srfm-checkbox-margin-top-editor: 6px;--srfm-check-gap: 8px;--srfm-checkbox-description-margin-left: 24px;--srfm-flag-section-padding: 10px 0 10px 12px;--srfm-gap-between-icon-text: 8px;--srfm-label-font-size: 16px;--srfm-label-line-height: 24px;--srfm-description-font-size: 14px;--srfm-description-line-height: 20px;--srfm-btn-padding: 10px 14px;--srfm-btn-font-size: 16px;--srfm-btn-line-height: 24px;--srfm-multi-choice-horizontal-padding: 20px;--srfm-multi-choice-vertical-padding: 20px;--srfm-multi-choice-internal-option-gap: 8px;--srfm-multi-choice-vertical-svg-size: 40px;--srfm-multi-choice-horizontal-image-size: 24px;--srfm-multi-choice-vertical-image-size: 120px;--srfm-multi-choice-outer-padding: 2px;\t\t\t\t}\n\t\t\t<\/style>\n\t\t\t\t\t\t\t<form method=\"post\" enctype=\"multipart\/form-data\" id=\"srfm-form-3184\" class=\"srfm-form \"\n\t\t\t\tform-id=\"3184\" after-submission=\"hide form\" message-type=\"same page\" success-url=\"\" ajaxurl=\"https:\/\/gruposedna.com\/wp-admin\/admin-ajax.php\" data-nonce=\"935dd70ba9\" data-submit-nonce=\"3d72e570f8\" data-update-nonce=\"yes\"\n\t\t\t\t>\n\t\t\t\t<input type=\"hidden\" id=\"sureforms_form_submit\" name=\"sureforms_form_submit\" value=\"44f3d31abe\" \/><input type=\"hidden\" name=\"_wp_http_referer\" value=\"\/index.php?rest_route=%2Fwp%2Fv2%2Fpages%2F1494\" \/>\n\t\t\t\t<input type=\"hidden\" value=\"3184\" name=\"form-id\">\n\t\t\t\t<input type=\"hidden\" value=\"\" name=\"srfm-sender-email-field\" id=\"srfm-sender-email\">\n\t\t\t\t<input type=\"hidden\" value=\"\" id=\"srfm-page-break\">\n\t\t\t\t\t\t<p id=\"srfm-error-message\" class=\"srfm-common-error-message srfm-error-message srfm-head-error\" hidden>\t\t<span class=\"srfm-icon\" aria-hidden=\"true\">\n\t\t\t<svg xmlns='http:\/\/www.w3.org\/2000\/svg' width='20' height='20' fill='none'><path d='M9.99935 18.3327C14.6017 18.3327 18.3327 14.6017 18.3327 9.99935C18.3327 5.39698 14.6017 1.66602 9.99935 1.66602C5.39698 1.66602 1.66602 5.39698 1.66602 9.99935C1.66602 14.6017 5.39698 18.3327 9.99935 18.3327Z' stroke='currentColor' stroke-width='1.5' stroke-linecap='round' stroke-linejoin='round' \/><path d='M10 6.66602V9.99935' stroke='currentColor' stroke-width='1.5' stroke-linecap='round' stroke-linejoin='round' \/><path d='M10 13.334H10.0083' stroke='currentColor' stroke-width='1.5' stroke-linecap='round' stroke-linejoin='round' \/><\/svg>\t\t<\/span>\n\t\t<span class=\"srfm-error-content\">Hubo un error al intentar enviar su formulario. Por favor, int\u00e9ntelo de nuevo.<\/span><\/p>\n\t\t\t\t\t<div data-block-id=\"2c4eec2e\" class=\"srfm-block-single srfm-block srfm-input-block srf-input-2c4eec2e-block  srfm-block-width-100 srfm-slug-your-name 3184\" >\n\t\t\t\t\t\t\t\t\t\t<div class=\"srfm-block-wrap\">\n\t\t\t\t<input class=\"srfm-input-common srfm-input-input\" type=\"text\" name=\"srfm-input-2c4eec2e-lbl-WW91ciBOYW1l-your-name\" id=\"srfm-input-2c4eec2e-lbl-WW91ciBOYW1l\"\n\t\t\t\t\taria-describedby='srfm-error-2c4eec2e'\t\t\t\t\tdata-required=\"true\" aria-required=\"true\" data-unique=\"false\" maxlength=\"100\" value=\"\"  placeholder=\"Your Name *\"  data-srfm-mask=\"none\"   \/>\n\t\t\t\t<\/div>\n\t\t\t\t<div class=\"srfm-error-wrap\">\n\t\t\t\t\t\t\t\t\t\t<div class=\"srfm-error-message\" data-srfm-id=\"srfm-error-2c4eec2e\" data-error-msg=\"This field is required.\" data-unique-msg=\"Value needs to be unique.\">\n\t\t\t\t\t\tThis field is required.\t\t\t\t\t<\/div>\n\t\t\t\t\t\t\t\t\t<\/div>\n\t\t\t<\/div>\n\t\t\n\n\t\t\t<div data-block-id=\"eb6937a2\" class=\"srfm-block-single srfm-block srfm-email-block srf-email-eb6937a2-block  srfm-block-width-100 srfm-slug-your-email 3184 srfm-email-block-wrap\">\n\t\t\t\t<div class=\"srfm-email-block srf-email-eb6937a2-block\">\n\t\t\t\t\t\t\t\t\t\t\t\t\t\t\t<div class=\"srfm-block-wrap\">\n\t\t\t\t\t\t<input class=\"srfm-input-common srfm-input-email\" type=\"email\" name=\"srfm-email-eb6937a2-lbl-WW91ciBFbWFpbA-your-email\" id=\"srfm-email-eb6937a2-lbl-WW91ciBFbWFpbA\"\n\t\t\t\t\t\taria-describedby='srfm-error-eb6937a2'\t\t\t\t\t\tdata-required=\"true\" aria-required=\"true\" data-unique=\"false\" value=\"\"  placeholder=\"Your Email *\"   \/>\n\t\t\t\t\t<\/div>\n\t\t\t\t\t<div class=\"srfm-error-wrap\">\n\t\t\t\t\t\t\t\t\t\t\t<div class=\"srfm-error-message\" data-srfm-id=\"srfm-error-eb6937a2\" data-error-msg=\"This field is required.\" data-unique-msg=\"Value needs to be unique.\">\n\t\t\t\t\t\tThis field is required.\t\t\t\t\t<\/div>\n\t\t\t\t\t\t\t\t\t\t<\/div>\n\t\t\t\t<\/div>\n\t\t\t\t\t\t\t<\/div>\n\t\t\n\n\t\t<div data-block-id=\"2139efb0\" class=\"srfm-block-single srfm-block srfm-textarea-block srf-textarea-2139efb0-block  srfm-block-width-100 3184\">\n\t\t\t\t\t\t\t\t\t<div class=\"srfm-block-wrap\">\n\t\t\t\t<textarea\n\t\t\t\t\tclass=\"srfm-input-common srfm-input-textarea\"\n\t\t\t\t\tname=\"srfm-textarea-2139efb0-lbl-WW91ciBNZXNzYWdl-your-message\"\n\t\t\t\t\tid=\"srfm-textarea-2139efb0-lbl-WW91ciBNZXNzYWdl-4260\"\n\t\t\t\t\taria-describedby='srfm-error-2139efb0'\t\t\t\t\tdata-required=\"true\" aria-required=\"true\"  rows=\"4\"   placeholder=\"Your Message *\" \t\t\t\t\t\t\t\t\t\t\t\t\t\t\t><\/textarea>\n\t\t\t\t\t\t\t<\/div>\n\t\t\t<div class=\"srfm-error-wrap\">\n\t\t\t\t\t\t\t\t\t<div class=\"srfm-error-message\" data-srfm-id=\"srfm-error-2139efb0\" data-error-msg=\"This field is required.\">\n\t\t\t\t\t\tThis field is required.\t\t\t\t\t<\/div>\n\t\t\t\t\t\t\t\t<\/div>\n\t\t<\/div>\n\n\t\t\t\t\t\t\t\n\t\t\t\t\t\n\t\t\t\t\t<div class=\"srfm-submit-container \" style=\"\">\n\t\t\t\t\t\t<div style=\"width: ; text-align: left\" class=\"wp-block-button\">\n\t\t\t\t\t\t\t\t\t\t\t\t\t\t\t\t\t\t\t<button style=\"\" id=\"srfm-submit-btn\" class=\"srfm-btn-frontend srfm-button srfm-submit-button\"\n\t\t\t\t\t\t\t\t\t\t\t\t\t\t>\n\t\t\t\t\t\t\t\t<div class=\"srfm-submit-wrap\">\n\t\t\t\t\t\t\t\t\tSUBMIT\t\t\t\t\t\t\t\t<div class=\"srfm-loader\"><\/div>\n\t\t\t\t\t\t\t\t<\/div>\n\t\t\t\t\t\t\t<\/button>\n\t\t\t\t\t\t\t\t\t\t\t\t\t\t\t\t\t\t<\/div>\n\t\t\t\t\t<\/div>\n\t\t\t\t\t\t\t<p id=\"srfm-error-message\" class=\"srfm-common-error-message srfm-error-message srfm-footer-error\" hidden>\t\t<span class=\"srfm-icon\" aria-hidden=\"true\">\n\t\t\t<svg xmlns='http:\/\/www.w3.org\/2000\/svg' width='20' height='20' fill='none'><path d='M9.99935 18.3327C14.6017 18.3327 18.3327 14.6017 18.3327 9.99935C18.3327 5.39698 14.6017 1.66602 9.99935 1.66602C5.39698 1.66602 1.66602 5.39698 1.66602 9.99935C1.66602 14.6017 5.39698 18.3327 9.99935 18.3327Z' stroke='currentColor' stroke-width='1.5' stroke-linecap='round' stroke-linejoin='round' \/><path d='M10 6.66602V9.99935' stroke='currentColor' stroke-width='1.5' stroke-linecap='round' stroke-linejoin='round' \/><path d='M10 13.334H10.0083' stroke='currentColor' stroke-width='1.5' stroke-linecap='round' stroke-linejoin='round' \/><\/svg>\t\t<\/span>\n\t\t<span class=\"srfm-error-content\">Hubo un error al intentar enviar su formulario. Por favor, int\u00e9ntelo de nuevo.<\/span><\/p>\n\t\t\t\t\t<\/form>\n\t\t\t<div class=\"srfm-single-form srfm-success-box in-page\">\n\t\t\t\t<div aria-live=\"polite\" aria-atomic=\"true\" role=\"alert\" id=\"srfm-success-message-page-3184\" class=\"srfm-success-box-description\"><\/div>\n\t\t\t<\/div>\n\t\t\t<\/div>\n\t\t\n<\/div>\n\n\n\n<div class=\"wp-block-uagb-container uagb-block-fa9f5151\">\t\t\t<div \n\t\t\tclass=\"wp-block-uagb-google-map uagb-google-map__wrap uagb-block-897781c6     \"\n\t\t\tstyle=\"\" >\n\t\t\t\t<embed\n\t\t\t\t\tclass=\"uagb-google-map__iframe\"\n\t\t\t\t\ttitle=\"Mapa de Google de\"\n\t\t\t\t\tsrc=\"https:\/\/maps.google.com\/maps?q=Jr%2C%20Jir%C3%B3n%20El%20Greco%20300%2C%20San%20Borja%2000511&#038;z=14&#038;hl=en&#038;t=m&#038;output=embed&#038;iwloc=near\"\n\t\t\t\t\twidth=\"640\"\n\t\t\t\t\theight=\"460\"\n\t\t\t\t\tloading=\"lazy\"\n\t\t\t\t><\/embed>\n\t\t\t<\/div>\n\t\t\t<\/div>\n<\/div>\n<\/div>\n\n\n\n<div class=\"wp-block-uagb-container uagb-block-93378eb7\">\n<div class=\"wp-block-uagb-advanced-heading uagb-block-3ad686a3\"><h3 class=\"uagb-heading-text\">Ponte en contacto\u200b<\/h3><p class=\"uagb-desc-text\"><strong>Reach Us\u200b<\/strong><\/p><\/div>\n\n\n\n<div class=\"wp-block-uagb-info-box uagb-block-0e826b7e uagb-infobox__content-wrap  uagb-infobox-icon-left uagb-infobox-left uagb-infobox-image-valign-middle\"><div class=\"uagb-ifb-icon-wrap\"><svg xmlns=\"https:\/\/www.w3.org\/2000\/svg\" viewBox=\"0 0 384 512\"><path d=\"M168.3 499.2C116.1 435 0 279.4 0 192C0 85.96 85.96 0 192 0C298 0 384 85.96 384 192C384 279.4 267 435 215.7 499.2C203.4 514.5 180.6 514.5 168.3 499.2H168.3zM192 256C227.3 256 256 227.3 256 192C256 156.7 227.3 128 192 128C156.7 128 128 156.7 128 192C128 227.3 156.7 256 192 256z\"><\/path><\/svg><\/div><div class=\"uagb-ifb-content\"><div class=\"uagb-ifb-title-wrap\"><\/div><p class=\"uagb-ifb-desc\">Jr, Jir\u00f3n El Greco 300, San Borja 00511, Per\u00fa.<\/p><\/div><\/div>\n\n\n\n<div class=\"wp-block-uagb-info-box uagb-block-4d057d1b uagb-infobox__content-wrap  uagb-infobox-icon-left uagb-infobox-left uagb-infobox-image-valign-middle\"><div class=\"uagb-ifb-icon-wrap\"><svg xmlns=\"https:\/\/www.w3.org\/2000\/svg\" viewBox=\"0 0 512 512\"><path d=\"M464 64C490.5 64 512 85.49 512 112C512 127.1 504.9 141.3 492.8 150.4L275.2 313.6C263.8 322.1 248.2 322.1 236.8 313.6L19.2 150.4C7.113 141.3 0 127.1 0 112C0 85.49 21.49 64 48 64H464zM217.6 339.2C240.4 356.3 271.6 356.3 294.4 339.2L512 176V384C512 419.3 483.3 448 448 448H64C28.65 448 0 419.3 0 384V176L217.6 339.2z\"><\/path><\/svg><\/div><div class=\"uagb-ifb-content\"><div class=\"uagb-ifb-title-wrap\"><\/div><p class=\"uagb-ifb-desc\">comercial@gruposedna.com<\/p><\/div><\/div>\n\n\n\n<div data-aos= \"slide-down\" data-aos-duration=\"400\" data-aos-delay=\"0\" data-aos-easing=\"ease\" data-aos-once=\"true\" class=\"wp-block-uagb-info-box uagb-block-c5f71ee8 uagb-infobox__content-wrap  uagb-infobox-icon-left uagb-infobox-left uagb-infobox-image-valign-middle\"><div class=\"uagb-ifb-icon-wrap\"><svg xmlns=\"https:\/\/www.w3.org\/2000\/svg\" viewBox=\"0 0 384 512\"><path d=\"M320 0H64C37.5 0 16 21.5 16 48v416C16 490.5 37.5 512 64 512h256c26.5 0 48-21.5 48-48v-416C368 21.5 346.5 0 320 0zM240 447.1C240 456.8 232.8 464 224 464H159.1C151.2 464 144 456.8 144 448S151.2 432 160 432h64C232.8 432 240 439.2 240 447.1z\"><\/path><\/svg><\/div><div class=\"uagb-ifb-content\"><div class=\"uagb-ifb-title-wrap\"><\/div><p class=\"uagb-ifb-desc\"><a href=\"https:\/\/wa.me\/+51984202176?text=Hola%20estoy%20interesado%20en%20sus%20servicios%20de\">+51 984 202176<\/a> &lt;- Clic Aqu\u00ed<br><a href=\"https:\/\/wa.me\/+51948712233?text=Hola%20estoy%20interesado%20en%20sus%20servicios%20de\">\u200b+51 913 750155<\/a> &lt;- Clic Aqu\u00ed<\/p><\/div><\/div>\n\n\n\n<div class=\"wp-block-uagb-advanced-heading uagb-block-d48a5495\"><p class=\"uagb-desc-text\">\u200b<\/p><\/div>\n<\/div>\n<\/div><\/div>\n\n\n\n<div class=\"wp-block-uagb-container uagb-block-688c973c alignfull uagb-is-root-container\"><div class=\"uagb-container-inner-blocks-wrap\">\n<div class=\"wp-block-uagb-container uagb-layout-grid uagb-block-7c3671d3\">\n<div class=\"wp-block-uagb-advanced-heading uagb-block-12865cae\"><h3 class=\"uagb-heading-text\">\u00bfQuieres iniciar un proyecto con nosotros?<\/h3><p class=\"uagb-desc-text\">El equipo de Grupo SEDNA esta en la mejor disposici\u00f3n de atenderte y apoyarte para mejorar todos los servicios tecnol\u00f3gicos y educativos que tu organizaci\u00f3n necesita, toca el BOT\u00d3N sin demora para potenciar tu gesti\u00f3n.<\/p><\/div>\n\n\n\n<div class=\"wp-block-uagb-buttons uagb-buttons__outer-wrap uagb-btn__default-btn uagb-btn-tablet__default-btn uagb-btn-mobile__default-btn uagb-block-bd3036e5\"><div class=\"uagb-buttons__wrap uagb-buttons-layout-wrap \">\n<div class=\"wp-block-uagb-buttons-child uagb-buttons__outer-wrap uagb-block-d862191c wp-block-button\"><div class=\"uagb-button__wrapper\"><a class=\"uagb-buttons-repeater wp-block-button__link\" aria-label=\"\" href=\"https:\/\/wa.me\/+51948712233?text=Hola%20estoy%20interesado%20en%20sus%20servicios%20de\" rel=\"follow noopener\" target=\"_blank\" role=\"button\"><div class=\"uagb-button__link\">Contactanos<\/div><\/a><\/div><\/div>\n<\/div><\/div>\n<\/div>\n<\/div><\/div>\n","protected":false},"excerpt":{"rendered":"<p>Obt\u00e9n m\u00e1s informaci\u00f3n de nuestras soluciones enviando este formulario Ponte en contacto\u200b Reach Us\u200b \u200b \u00bfQuieres iniciar un proyecto con nosotros? El equipo de Grupo SEDNA esta en la mejor disposici\u00f3n de atenderte y apoyarte para mejorar todos los servicios tecnol\u00f3gicos y educativos que tu organizaci\u00f3n necesita, toca el BOT\u00d3N sin demora para potenciar tu [&hellip;]<\/p>\n","protected":false},"author":2,"featured_media":0,"parent":0,"menu_order":0,"comment_status":"closed","ping_status":"closed","template":"","meta":{"_uag_custom_page_level_css":"","site-sidebar-layout":"no-sidebar","site-content-layout":"page-builder","ast-site-content-layout":"full-width-container","site-content-style":"unboxed","site-sidebar-style":"unboxed","ast-global-header-display":"","ast-banner-title-visibility":"","ast-main-header-display":"","ast-hfb-above-header-display":"","ast-hfb-below-header-display":"","ast-hfb-mobile-header-display":"","site-post-title":"disabled","ast-breadcrumbs-content":"","ast-featured-img":"disabled","footer-sml-layout":"","ast-disable-related-posts":"","theme-transparent-header-meta":"enabled","adv-header-id-meta":"","stick-header-meta":"","header-above-stick-meta":"","header-main-stick-meta":"","header-below-stick-meta":"","astra-migrate-meta-layouts":"set","ast-page-background-enabled":"default","ast-page-background-meta":{"desktop":{"background-color":"","background-image":"","background-repeat":"repeat","background-position":"center center","background-size":"auto","background-attachment":"scroll","background-type":"","background-media":"","overlay-type":"","overlay-color":"","overlay-opacity":"","overlay-gradient":""},"tablet":{"background-color":"","background-image":"","background-repeat":"repeat","background-position":"center center","background-size":"auto","background-attachment":"scroll","background-type":"","background-media":"","overlay-type":"","overlay-color":"","overlay-opacity":"","overlay-gradient":""},"mobile":{"background-color":"","background-image":"","background-repeat":"repeat","background-position":"center center","background-size":"auto","background-attachment":"scroll","background-type":"","background-media":"","overlay-type":"","overlay-color":"","overlay-opacity":"","overlay-gradient":""}},"ast-content-background-meta":{"desktop":{"background-color":"var(--ast-global-color-5)","background-image":"","background-repeat":"repeat","background-position":"center center","background-size":"auto","background-attachment":"scroll","background-type":"","background-media":"","overlay-type":"","overlay-color":"","overlay-opacity":"","overlay-gradient":""},"tablet":{"background-color":"var(--ast-global-color-5)","background-image":"","background-repeat":"repeat","background-position":"center center","background-size":"auto","background-attachment":"scroll","background-type":"","background-media":"","overlay-type":"","overlay-color":"","overlay-opacity":"","overlay-gradient":""},"mobile":{"background-color":"var(--ast-global-color-5)","background-image":"","background-repeat":"repeat","background-position":"center center","background-size":"auto","background-attachment":"scroll","background-type":"","background-media":"","overlay-type":"","overlay-color":"","overlay-opacity":"","overlay-gradient":""}},"footnotes":""},"class_list":["post-1494","page","type-page","status-publish","hentry"],"uagb_featured_image_src":{"full":false,"thumbnail":false,"medium":false,"medium_large":false,"large":false,"1536x1536":false,"2048x2048":false},"uagb_author_info":{"display_name":"Hugo Alvarez","author_link":"https:\/\/gruposedna.com\/?author=2"},"uagb_comment_info":0,"uagb_excerpt":"Obt\u00e9n m\u00e1s informaci\u00f3n de nuestras soluciones enviando este formulario Ponte en contacto\u200b Reach Us\u200b \u200b \u00bfQuieres iniciar un proyecto con nosotros? El equipo de Grupo SEDNA esta en la mejor disposici\u00f3n de atenderte y apoyarte para mejorar todos los servicios tecnol\u00f3gicos y educativos que tu organizaci\u00f3n necesita, toca el BOT\u00d3N sin demora para potenciar tu&hellip;","_links":{"self":[{"href":"https:\/\/gruposedna.com\/index.php?rest_route=\/wp\/v2\/pages\/1494","targetHints":{"allow":["GET"]}}],"collection":[{"href":"https:\/\/gruposedna.com\/index.php?rest_route=\/wp\/v2\/pages"}],"about":[{"href":"https:\/\/gruposedna.com\/index.php?rest_route=\/wp\/v2\/types\/page"}],"author":[{"embeddable":true,"href":"https:\/\/gruposedna.com\/index.php?rest_route=\/wp\/v2\/users\/2"}],"replies":[{"embeddable":true,"href":"https:\/\/gruposedna.com\/index.php?rest_route=%2Fwp%2Fv2%2Fcomments&post=1494"}],"version-history":[{"count":7,"href":"https:\/\/gruposedna.com\/index.php?rest_route=\/wp\/v2\/pages\/1494\/revisions"}],"predecessor-version":[{"id":3563,"href":"https:\/\/gruposedna.com\/index.php?rest_route=\/wp\/v2\/pages\/1494\/revisions\/3563"}],"wp:attachment":[{"href":"https:\/\/gruposedna.com\/index.php?rest_route=%2Fwp%2Fv2%2Fmedia&parent=1494"}],"curies":[{"name":"wp","href":"https:\/\/api.w.org\/{rel}","templated":true}]}}